{"id":49,"date":"2021-09-02T16:32:05","date_gmt":"2021-09-02T16:32:05","guid":{"rendered":"https:\/\/deltaseguridadcia.com\/?page_id=49"},"modified":"2025-08-20T02:29:58","modified_gmt":"2025-08-20T02:29:58","slug":"home","status":"publish","type":"page","link":"https:\/\/deltaseguridadcia.com\/","title":{"rendered":"Inicio"},"content":{"rendered":"\n<div style=\"height:80px\" aria-hidden=\"true\" class=\"wp-block-spacer\"><\/div>\n\n\n\n<div class=\"wp-block-cover alignfull has-neve-link-color-background-color\" style=\"min-height:598px\"><img loading=\"lazy\" width=\"2560\" height=\"1707\" class=\"wp-block-cover__image-background wp-image-517\" alt=\"\" src=\"https:\/\/deltaseguridadcia.com\/wp-content\/uploads\/2025\/08\/DSC_8443-1-scaled.jpg\" style=\"object-position:51% 32%\" data-object-fit=\"cover\" data-object-position=\"51% 32%\" srcset=\"https:\/\/deltaseguridadcia.com\/wp-content\/uploads\/2025\/08\/DSC_8443-1-scaled.jpg 2560w, https:\/\/deltaseguridadcia.com\/wp-content\/uploads\/2025\/08\/DSC_8443-1-300x200.jpg 300w, https:\/\/deltaseguridadcia.com\/wp-content\/uploads\/2025\/08\/DSC_8443-1-1024x683.jpg 1024w, https:\/\/deltaseguridadcia.com\/wp-content\/uploads\/2025\/08\/DSC_8443-1-768x512.jpg 768w, https:\/\/deltaseguridadcia.com\/wp-content\/uploads\/2025\/08\/DSC_8443-1-1536x1024.jpg 1536w, https:\/\/deltaseguridadcia.com\/wp-content\/uploads\/2025\/08\/DSC_8443-1-2048x1365.jpg 2048w, https:\/\/deltaseguridadcia.com\/wp-content\/uploads\/2025\/08\/DSC_8443-1-930x620.jpg 930w\" sizes=\"(max-width: 2560px) 100vw, 2560px\" \/><div class=\"wp-block-cover__inner-container\">\n<div style=\"height:80px\" aria-hidden=\"true\" class=\"wp-block-spacer\"><\/div>\n<\/div><\/div>\n\n\n\n<div style=\"height:40px\" aria-hidden=\"true\" class=\"wp-block-spacer\"><\/div>\n\n\n\n<div class=\"wp-block-columns\">\n<div class=\"wp-block-column\">\n<div class=\"wp-block-image icon-style is-style-default\"><figure class=\"aligncenter is-resized\"><img loading=\"lazy\" src=\"https:\/\/deltaseguridadcia.com\/wp-content\/themes\/neve\/assets\/img\/starter-content\/icon-03.svg\" alt=\"\" width=\"48\" height=\"48\"\/><\/figure><\/div>\n\n\n\n<h3 class=\"has-text-align-center has-neve-text-color-color has-text-color\">Cobertura Nacional<\/h3>\n\n\n\n<p class=\"has-text-align-center\">Brindamos seguridad en todo el mercado nacional.<\/p>\n<\/div>\n\n\n\n<div class=\"wp-block-column\">\n<div class=\"wp-block-image icon-style is-style-default\"><figure class=\"aligncenter is-resized\"><img loading=\"lazy\" src=\"https:\/\/deltaseguridadcia.com\/wp-content\/themes\/neve\/assets\/img\/starter-content\/icon-02.svg\" alt=\"\" width=\"48\" height=\"48\"\/><\/figure><\/div>\n\n\n\n<h3 class=\"has-text-align-center has-neve-text-color-color has-text-color\">Satisfacci\u00f3n del Cliente<\/h3>\n\n\n\n<p class=\"has-text-align-center\">Comprometidos con la satisfacci\u00f3n de todos nuestros clientes.<\/p>\n<\/div>\n\n\n\n<div class=\"wp-block-column\">\n<div class=\"wp-block-image icon-style is-style-rounded\"><figure class=\"aligncenter is-resized\"><img loading=\"lazy\" src=\"https:\/\/deltaseguridadcia.com\/wp-content\/themes\/neve\/assets\/img\/starter-content\/icon-01.svg\" alt=\"\" width=\"48\" height=\"48\"\/><\/figure><\/div>\n\n\n\n<h3 class=\"has-text-align-center has-neve-text-color-color has-text-color\">Seguridad Integral<\/h3>\n\n\n\n<p class=\"has-text-align-center\">Integramos seguridad f\u00edsica, electr\u00f3nica y m\u00f3vil para obtener un servicio de seguridad completo y eficiente.<\/p>\n\n\n\n<p><\/p>\n<\/div>\n<\/div>\n\n\n\n<div class=\"wp-block-cover alignfull has-nv-light-bg-background-color has-background-dim\" style=\"min-height:662px\"><div class=\"wp-block-cover__inner-container\">\n<div class=\"wp-block-group\"><div class=\"wp-block-group__inner-container\">\n<div class=\"wp-block-columns are-vertically-aligned-center\">\n<div class=\"wp-block-column is-vertically-aligned-center\" style=\"flex-basis:50%\">\n<figure class=\"wp-block-image size-full is-style-default\"><img loading=\"lazy\" width=\"600\" height=\"400\" src=\"https:\/\/deltaseguridadcia.com\/wp-content\/uploads\/2021\/09\/TIRO.jpg\" alt=\"\" class=\"wp-image-195\" srcset=\"https:\/\/deltaseguridadcia.com\/wp-content\/uploads\/2021\/09\/TIRO.jpg 600w, https:\/\/deltaseguridadcia.com\/wp-content\/uploads\/2021\/09\/TIRO-300x200.jpg 300w\" sizes=\"(max-width: 600px) 100vw, 600px\" \/><\/figure>\n<\/div>\n\n\n\n<div class=\"wp-block-column is-vertically-aligned-center\" style=\"flex-basis:50%\">\n<div style=\"height:20px\" aria-hidden=\"true\" class=\"wp-block-spacer\"><\/div>\n\n\n\n<h2 class=\"has-text-align-left has-neve-text-color-color has-text-color\">Personal altamente capacitado<\/h2>\n\n\n\n<p class=\"has-text-align-left has-neve-text-color-color has-text-color\" style=\"font-size:17px\">Brindamos capacitaci\u00f3n y entrenamiento continuo, para lo cual contamos con instalaciones de primer nivel y convenios con centros de capacitaci\u00f3n aprobados por el Ministerio del Interior, donde se instruye en normas y procedimientos de seguridad, relaciones humanas, contexto legal, entre otros; y recibe entrenamiento en pr\u00e1cticas de tiro, defensa personal y primeros auxilios, asegurando a agentes instruidos y eficientes.<\/p>\n\n\n\n<div class=\"wp-block-buttons is-content-justification-left\">\n<div class=\"wp-block-button is-style-primary\"><a class=\"wp-block-button__link\" href=\"\/\/deltaseguridadcia.com\/?pagename=contact\" target=\"_blank\" rel=\"noreferrer noopener\">CONT\u00c1CTANOS<\/a><\/div>\n<\/div>\n<\/div>\n<\/div>\n\n\n\n<div style=\"height:40px\" aria-hidden=\"true\" class=\"wp-block-spacer\"><\/div>\n\n\n\n<p><\/p>\n<\/div><\/div>\n<\/div><\/div>\n\n\n\n<div class=\"wp-block-cover alignfull has-nv-site-bg-background-color has-background-dim\" style=\"min-height:600px\"><div class=\"wp-block-cover__inner-container\">\n<div class=\"wp-block-group\"><div class=\"wp-block-group__inner-container\">\n<div class=\"wp-block-columns are-vertically-aligned-center\">\n<div class=\"wp-block-column is-vertically-aligned-center\" style=\"flex-basis:50%\">\n<h2 class=\"has-text-align-left has-neve-text-color-color has-text-color\">Servicio de Calidad<\/h2>\n\n\n\n<p class=\"has-text-align-left has-neve-text-color-color has-text-color\" style=\"font-size:17px\">Nos comprometemos a brindarles un servicio de calidad y eficiente, buscando siempre la satisfacci\u00f3n del cliente.<\/p>\n\n\n\n<div class=\"wp-block-buttons is-content-justification-left\">\n<div class=\"wp-block-button is-style-primary\"><a class=\"wp-block-button__link\" href=\"\/\/deltaseguridadcia.com\/?pagename=contact\" target=\"_blank\" rel=\"noreferrer noopener\">CONT\u00c1CTANOS<\/a><\/div>\n<\/div>\n\n\n\n<div style=\"height:40px\" aria-hidden=\"true\" class=\"wp-block-spacer\"><\/div>\n<\/div>\n\n\n\n<div class=\"wp-block-column is-vertically-aligned-center\" style=\"flex-basis:50%\">\n<figure class=\"wp-block-image size-full\"><img loading=\"lazy\" width=\"600\" height=\"400\" src=\"https:\/\/deltaseguridadcia.com\/wp-content\/uploads\/2021\/09\/CONTROL.jpg\" alt=\"\" class=\"wp-image-197\" srcset=\"https:\/\/deltaseguridadcia.com\/wp-content\/uploads\/2021\/09\/CONTROL.jpg 600w, https:\/\/deltaseguridadcia.com\/wp-content\/uploads\/2021\/09\/CONTROL-300x200.jpg 300w\" sizes=\"(max-width: 600px) 100vw, 600px\" \/><\/figure>\n<\/div>\n<\/div>\n<\/div><\/div>\n<\/div><\/div>\n\n\n\n<div class=\"wp-block-cover alignfull has-nv-dark-bg-background-color has-background-dim\" style=\"min-height:600px\"><div class=\"wp-block-cover__inner-container\">\n<div class=\"wp-block-group\"><div class=\"wp-block-group__inner-container\">\n<div class=\"wp-block-columns are-vertically-aligned-center\">\n<div class=\"wp-block-column is-vertically-aligned-center\" style=\"flex-basis:50%\">\n<figure class=\"wp-block-image size-full\"><img loading=\"lazy\" width=\"600\" height=\"400\" src=\"https:\/\/deltaseguridadcia.com\/wp-content\/uploads\/2021\/09\/AUTO.jpg\" alt=\"\" class=\"wp-image-201\" srcset=\"https:\/\/deltaseguridadcia.com\/wp-content\/uploads\/2021\/09\/AUTO.jpg 600w, https:\/\/deltaseguridadcia.com\/wp-content\/uploads\/2021\/09\/AUTO-300x200.jpg 300w\" sizes=\"(max-width: 600px) 100vw, 600px\" \/><\/figure>\n<\/div>\n\n\n\n<div class=\"wp-block-column is-vertically-aligned-center\" style=\"flex-basis:50%\">\n<div style=\"height:40px\" aria-hidden=\"true\" class=\"wp-block-spacer\"><\/div>\n\n\n\n<h2 class=\"has-text-align-left has-nv-text-dark-bg-color has-text-color\">Seguridad Integral<\/h2>\n\n\n\n<p class=\"has-text-align-left has-nv-text-dark-bg-color has-text-color\" style=\"font-size:17px\">Ofrecemos una soluci\u00f3n a la medida integrando el seguridad f\u00edsica con seguridad electr\u00f3nica; para brindar una completa vigilancia de las instalaciones, tanto en \u00e1reas interiores como en exteriores.<\/p>\n\n\n\n<div class=\"wp-block-buttons is-content-justification-left\">\n<div class=\"wp-block-button is-style-primary\"><a class=\"wp-block-button__link\" href=\"\/\/deltaseguridadcia.com\/?pagename=contact\" target=\"_blank\" rel=\"noreferrer noopener\">CONT\u00c1CTANOS<\/a><\/div>\n<\/div>\n<\/div>\n<\/div>\n<\/div><\/div>\n<\/div><\/div>\n\n\n\n<div style=\"height:40px\" aria-hidden=\"true\" class=\"wp-block-spacer\"><\/div>\n\n\n\n<div class=\"wp-block-cover alignfull has-nv-site-bg-background-color has-background-dim\" style=\"min-height:600px\"><div class=\"wp-block-cover__inner-container\">\n<div class=\"wp-block-group\"><div class=\"wp-block-group__inner-container\">\n<div style=\"height:80px\" aria-hidden=\"true\" class=\"wp-block-spacer\"><\/div>\n\n\n\n<h2 class=\"has-neve-text-color-color has-text-color\">Servicio Garantizado<\/h2>\n\n\n\n<div class=\"wp-block-columns are-vertically-aligned-center\">\n<div class=\"wp-block-column is-vertically-aligned-center\" style=\"flex-basis:50%\">\n<figure class=\"wp-block-image size-full\"><img loading=\"lazy\" width=\"600\" height=\"600\" src=\"https:\/\/deltaseguridadcia.com\/wp-content\/uploads\/2021\/09\/punteria.jpg\" alt=\"\" class=\"wp-image-218\" srcset=\"https:\/\/deltaseguridadcia.com\/wp-content\/uploads\/2021\/09\/punteria.jpg 600w, https:\/\/deltaseguridadcia.com\/wp-content\/uploads\/2021\/09\/punteria-300x300.jpg 300w, https:\/\/deltaseguridadcia.com\/wp-content\/uploads\/2021\/09\/punteria-150x150.jpg 150w\" sizes=\"(max-width: 600px) 100vw, 600px\" \/><\/figure>\n\n\n\n<div style=\"height:40px\" aria-hidden=\"true\" class=\"wp-block-spacer\"><\/div>\n<\/div>\n\n\n\n<div class=\"wp-block-column is-vertically-aligned-center\" style=\"flex-basis:50%\">\n<figure class=\"wp-block-image size-full\"><img loading=\"lazy\" width=\"600\" height=\"600\" src=\"https:\/\/deltaseguridadcia.com\/wp-content\/uploads\/2021\/10\/defensa1.jpg\" alt=\"\" class=\"wp-image-382\" srcset=\"https:\/\/deltaseguridadcia.com\/wp-content\/uploads\/2021\/10\/defensa1.jpg 600w, https:\/\/deltaseguridadcia.com\/wp-content\/uploads\/2021\/10\/defensa1-300x300.jpg 300w, https:\/\/deltaseguridadcia.com\/wp-content\/uploads\/2021\/10\/defensa1-150x150.jpg 150w\" sizes=\"(max-width: 600px) 100vw, 600px\" \/><\/figure>\n\n\n\n<div style=\"height:40px\" aria-hidden=\"true\" class=\"wp-block-spacer\"><\/div>\n<\/div>\n<\/div>\n<\/div><\/div>\n<\/div><\/div>\n\n\n\n<div class=\"wp-block-cover alignfull has-nv-dark-bg-background-color has-background-dim\" style=\"min-height:300px\"><div class=\"wp-block-cover__inner-container\">\n<p><\/p>\n\n\n\n<div style=\"height:10px\" aria-hidden=\"true\" class=\"wp-block-spacer\"><\/div>\n\n\n\n<h2 class=\"has-text-align-center has-nv-text-dark-bg-color has-text-color\">Su seguridad es nuestro compromiso<\/h2>\n\n\n\n<ul class=\"wp-block-social-links aligncenter has-icon-color has-icon-background-color\"><li style=\"color: #ffffff; background-color: #3962e3; \" class=\"wp-social-link wp-social-link-facebook wp-block-social-link\"><a href=\"https:\/\/www.facebook.com\/LtdaDelta\" aria-label=\"https:\/\/www.facebook.com\/LtdaDelta\"  class=\"wp-block-social-link-anchor\"> <svg width=\"24\" height=\"24\" viewBox=\"0 0 24 24\" version=\"1.1\" xmlns=\"http:\/\/www.w3.org\/2000\/svg\" role=\"img\" aria-hidden=\"true\" focusable=\"false\"><path d=\"M12 2C6.5 2 2 6.5 2 12c0 5 3.7 9.1 8.4 9.9v-7H7.9V12h2.5V9.8c0-2.5 1.5-3.9 3.8-3.9 1.1 0 2.2.2 2.2.2v2.5h-1.3c-1.2 0-1.6.8-1.6 1.6V12h2.8l-.4 2.9h-2.3v7C18.3 21.1 22 17 22 12c0-5.5-4.5-10-10-10z\"><\/path><\/svg><\/a><\/li>\n\n<li style=\"color: #ffffff; background-color: #3962e3; \" class=\"wp-social-link wp-social-link-twitter wp-block-social-link\"><a href=\"https:\/\/twitter.com\/deltacialtda\" aria-label=\"https:\/\/twitter.com\/deltacialtda\"  class=\"wp-block-social-link-anchor\"> <svg width=\"24\" height=\"24\" viewBox=\"0 0 24 24\" version=\"1.1\" xmlns=\"http:\/\/www.w3.org\/2000\/svg\" role=\"img\" aria-hidden=\"true\" focusable=\"false\"><path d=\"M22.23,5.924c-0.736,0.326-1.527,0.547-2.357,0.646c0.847-0.508,1.498-1.312,1.804-2.27 c-0.793,0.47-1.671,0.812-2.606,0.996C18.324,4.498,17.257,4,16.077,4c-2.266,0-4.103,1.837-4.103,4.103 c0,0.322,0.036,0.635,0.106,0.935C8.67,8.867,5.647,7.234,3.623,4.751C3.27,5.357,3.067,6.062,3.067,6.814 c0,1.424,0.724,2.679,1.825,3.415c-0.673-0.021-1.305-0.206-1.859-0.513c0,0.017,0,0.034,0,0.052c0,1.988,1.414,3.647,3.292,4.023 c-0.344,0.094-0.707,0.144-1.081,0.144c-0.264,0-0.521-0.026-0.772-0.074c0.522,1.63,2.038,2.816,3.833,2.85 c-1.404,1.1-3.174,1.756-5.096,1.756c-0.331,0-0.658-0.019-0.979-0.057c1.816,1.164,3.973,1.843,6.29,1.843 c7.547,0,11.675-6.252,11.675-11.675c0-0.178-0.004-0.355-0.012-0.531C20.985,7.47,21.68,6.747,22.23,5.924z\"><\/path><\/svg><\/a><\/li><\/ul>\n\n\n\n<div style=\"height:15px\" aria-hidden=\"true\" class=\"wp-block-spacer\"><\/div>\n\n\n\n<p class=\"has-text-align-center has-medium-font-size\">Direcci\u00f3n Matriz: Antonio Ulloa N31-26 y Mariana de Jes\u00fas. Quito, Ecuador. <\/p>\n\n\n\n<p class=\"has-text-align-center has-medium-font-size\">Email: comercial@deltaseguridad.com.ec. Tel\u00e9fonos: 593-2252-4973 \/ 593-6261-0256<\/p>\n\n\n\n<div class=\"wp-block-buttons is-content-justification-center\">\n<div class=\"wp-block-button is-style-primary\"><a class=\"wp-block-button__link\" href=\"\/\/deltaseguridadcia.com\/index.php\/about\/\" target=\"_blank\" rel=\"noreferrer noopener\">QUIENES SOMOS<\/a><\/div>\n\n\n\n<div class=\"wp-block-button is-style-primary\"><a class=\"wp-block-button__link\" href=\"https:\/\/deltaseguridadcia.com\/?pagename=contact\" target=\"_blank\" rel=\"noreferrer noopener\">CONT\u00c1CTANOS<\/a><\/div>\n<\/div>\n<\/div><\/div>\n","protected":false},"excerpt":{"rendered":"<p>Cobertura Nacional Brindamos seguridad en todo el mercado nacional. Satisfacci\u00f3n del Cliente Comprometidos con la satisfacci\u00f3n de todos nuestros clientes. Seguridad Integral Integramos seguridad f\u00edsica, electr\u00f3nica y m\u00f3vil para obtener un servicio de seguridad completo y eficiente.<\/p>\n","protected":false},"author":1,"featured_media":0,"parent":0,"menu_order":0,"comment_status":"closed","ping_status":"closed","template":"","meta":{"om_disable_all_campaigns":false,"_mi_skip_tracking":false,"_monsterinsights_sitenote_active":false,"_monsterinsights_sitenote_note":"","_monsterinsights_sitenote_category":0,"neve_meta_sidebar":"","neve_meta_container":"","neve_meta_enable_content_width":"on","neve_meta_content_width":100,"neve_meta_title_alignment":"","neve_meta_author_avatar":"","neve_post_elements_order":"","neve_meta_disable_header":"","neve_meta_disable_footer":"","neve_meta_disable_title":"on"},"aioseo_notices":[],"_links":{"self":[{"href":"https:\/\/deltaseguridadcia.com\/index.php\/wp-json\/wp\/v2\/pages\/49"}],"collection":[{"href":"https:\/\/deltaseguridadcia.com\/index.php\/wp-json\/wp\/v2\/pages"}],"about":[{"href":"https:\/\/deltaseguridadcia.com\/index.php\/wp-json\/wp\/v2\/types\/page"}],"author":[{"embeddable":true,"href":"https:\/\/deltaseguridadcia.com\/index.php\/wp-json\/wp\/v2\/users\/1"}],"replies":[{"embeddable":true,"href":"https:\/\/deltaseguridadcia.com\/index.php\/wp-json\/wp\/v2\/comments?post=49"}],"version-history":[{"count":75,"href":"https:\/\/deltaseguridadcia.com\/index.php\/wp-json\/wp\/v2\/pages\/49\/revisions"}],"predecessor-version":[{"id":521,"href":"https:\/\/deltaseguridadcia.com\/index.php\/wp-json\/wp\/v2\/pages\/49\/revisions\/521"}],"wp:attachment":[{"href":"https:\/\/deltaseguridadcia.com\/index.php\/wp-json\/wp\/v2\/media?parent=49"}],"curies":[{"name":"wp","href":"https:\/\/api.w.org\/{rel}","templated":true}]}}