{"id":50,"date":"2021-09-02T16:32:05","date_gmt":"2021-09-02T16:32:05","guid":{"rendered":"https:\/\/deltaseguridadcia.com\/?page_id=50"},"modified":"2025-08-18T12:44:03","modified_gmt":"2025-08-18T12:44:03","slug":"about","status":"publish","type":"page","link":"https:\/\/deltaseguridadcia.com\/index.php\/about\/","title":{"rendered":"\u00bfQui\u00e9nes Somos?"},"content":{"rendered":"\n<div class=\"wp-block-cover alignfull has-nv-site-bg-background-color has-background-dim has-custom-content-position is-position-bottom-center\" style=\"min-height:298px\"><img loading=\"lazy\" width=\"2560\" height=\"1707\" class=\"wp-block-cover__image-background wp-image-499\" alt=\"\" src=\"https:\/\/deltaseguridadcia.com\/wp-content\/uploads\/2025\/08\/DSC_8443-scaled.jpg\" data-object-fit=\"cover\" srcset=\"https:\/\/deltaseguridadcia.com\/wp-content\/uploads\/2025\/08\/DSC_8443-scaled.jpg 2560w, https:\/\/deltaseguridadcia.com\/wp-content\/uploads\/2025\/08\/DSC_8443-300x200.jpg 300w, https:\/\/deltaseguridadcia.com\/wp-content\/uploads\/2025\/08\/DSC_8443-1024x683.jpg 1024w, https:\/\/deltaseguridadcia.com\/wp-content\/uploads\/2025\/08\/DSC_8443-768x512.jpg 768w, https:\/\/deltaseguridadcia.com\/wp-content\/uploads\/2025\/08\/DSC_8443-1536x1024.jpg 1536w, https:\/\/deltaseguridadcia.com\/wp-content\/uploads\/2025\/08\/DSC_8443-2048x1365.jpg 2048w, https:\/\/deltaseguridadcia.com\/wp-content\/uploads\/2025\/08\/DSC_8443-930x620.jpg 930w\" sizes=\"(max-width: 2560px) 100vw, 2560px\" \/><div class=\"wp-block-cover__inner-container\">\n<div class=\"wp-block-group\"><div class=\"wp-block-group__inner-container\"><\/div><\/div>\n<\/div><\/div>\n\n\n\n<h2 class=\"has-text-align-center has-neve-text-color-color has-text-color\">Acerca de nosotros<\/h2>\n\n\n\n<div class=\"wp-block-cover alignfull has-nv-light-bg-background-color has-background-dim\" style=\"min-height:600px\"><div class=\"wp-block-cover__inner-container\">\n<div class=\"wp-block-group\"><div class=\"wp-block-group__inner-container\">\n<div style=\"height:80px\" aria-hidden=\"true\" class=\"wp-block-spacer\"><\/div>\n\n\n\n<div class=\"wp-block-columns are-vertically-aligned-top\">\n<div class=\"wp-block-column is-vertically-aligned-top\" style=\"flex-basis:50%\">\n<figure class=\"wp-block-image size-large\"><img loading=\"lazy\" width=\"682\" height=\"1024\" src=\"https:\/\/deltaseguridadcia.com\/wp-content\/uploads\/2025\/08\/DSC_8454-682x1024.jpg\" alt=\"\" class=\"wp-image-497\" srcset=\"https:\/\/deltaseguridadcia.com\/wp-content\/uploads\/2025\/08\/DSC_8454-682x1024.jpg 682w, https:\/\/deltaseguridadcia.com\/wp-content\/uploads\/2025\/08\/DSC_8454-200x300.jpg 200w, https:\/\/deltaseguridadcia.com\/wp-content\/uploads\/2025\/08\/DSC_8454-768x1154.jpg 768w, https:\/\/deltaseguridadcia.com\/wp-content\/uploads\/2025\/08\/DSC_8454-1022x1536.jpg 1022w, https:\/\/deltaseguridadcia.com\/wp-content\/uploads\/2025\/08\/DSC_8454-1363x2048.jpg 1363w, https:\/\/deltaseguridadcia.com\/wp-content\/uploads\/2025\/08\/DSC_8454-scaled.jpg 1704w\" sizes=\"(max-width: 682px) 100vw, 682px\" \/><\/figure>\n<\/div>\n\n\n\n<div class=\"wp-block-column is-vertically-aligned-top\" style=\"flex-basis:50%\">\n<h2 class=\"has-neve-text-color-color has-text-color\">Nuestra Historia<\/h2>\n\n\n\n<p class=\"has-text-align-left has-neve-text-color-color has-text-color\">Delta Seguridad C\u00eda. Ltda., fundada en la ciudad de Ibarra tiene m\u00e1s de 18 a\u00f1os al servicio de la sociedad ecuatoriana, trabajando para personas, empresas e instituciones en todo el territorio nacional.<\/p>\n\n\n\n<p class=\"has-text-align-left\"><span class=\"has-inline-color has-neve-link-color-color\">La empresa cuenta con Sistemas de Gesti\u00f3n de Calidad y de Gesti\u00f3n de la Seguridad y la Salud en el Trabajo basado en las normas de calidad nacionales e internacionales. Este Sistema de Gesti\u00f3n establece todos los procesos, procedimientos, instrucciones, m\u00e9todos de control y registros necesarios para prestar un servicio de alta calidad y acorde a las necesidades particulares de cada puesto de servicio.<\/span><\/p>\n<\/div>\n<\/div>\n\n\n\n<div style=\"height:40px\" aria-hidden=\"true\" class=\"wp-block-spacer\"><\/div>\n<\/div><\/div>\n<\/div><\/div>\n\n\n\n<div class=\"wp-block-cover alignfull has-nv-dark-bg-background-color has-background-dim\" style=\"min-height:600px\"><div class=\"wp-block-cover__inner-container\">\n<div class=\"wp-block-group\"><div class=\"wp-block-group__inner-container\">\n<div style=\"height:80px\" aria-hidden=\"true\" class=\"wp-block-spacer\"><\/div>\n\n\n\n<div class=\"wp-block-columns are-vertically-aligned-center\">\n<div class=\"wp-block-column is-vertically-aligned-center\" style=\"flex-basis:50%\">\n<h2 class=\"has-nv-text-dark-bg-color has-text-color\">Misi\u00f3n<\/h2>\n\n\n\n<p class=\"has-nv-text-dark-bg-color has-text-color\">Brindar servicio de seguridad mediante vigilancia y prevenci\u00f3n del delito a personas naturales y jur\u00eddicas a nivel nacional, con tecnolog\u00eda de punta y personal altamente calificado con valores \u00e9ticos y morales, orientada a satisfacer las necesidades de nuestros clientes, logrando una ventaja competitiva.<\/p>\n\n\n\n<h2 class=\"has-nv-text-dark-bg-color has-text-color\">Visi\u00f3n<\/h2>\n\n\n\n<p class=\"has-nv-text-dark-bg-color has-text-color\">Ser la empresa l\u00edder en seguridad privada en el mercado ecuatoriano.<\/p>\n\n\n\n<div style=\"height:20px\" aria-hidden=\"true\" class=\"wp-block-spacer\"><\/div>\n\n\n\n<div class=\"wp-block-buttons\"><\/div>\n\n\n\n<div style=\"height:20px\" aria-hidden=\"true\" class=\"wp-block-spacer\"><\/div>\n<\/div>\n\n\n\n<div class=\"wp-block-column is-vertically-aligned-center\" style=\"flex-basis:50%\">\n<figure class=\"wp-block-image size-large\"><img loading=\"lazy\" width=\"1024\" height=\"683\" src=\"https:\/\/deltaseguridadcia.com\/wp-content\/uploads\/2025\/08\/DSC_6789-1024x683.jpg\" alt=\"\" class=\"wp-image-496\" srcset=\"https:\/\/deltaseguridadcia.com\/wp-content\/uploads\/2025\/08\/DSC_6789-1024x683.jpg 1024w, https:\/\/deltaseguridadcia.com\/wp-content\/uploads\/2025\/08\/DSC_6789-300x200.jpg 300w, https:\/\/deltaseguridadcia.com\/wp-content\/uploads\/2025\/08\/DSC_6789-768x512.jpg 768w, https:\/\/deltaseguridadcia.com\/wp-content\/uploads\/2025\/08\/DSC_6789-1536x1024.jpg 1536w, https:\/\/deltaseguridadcia.com\/wp-content\/uploads\/2025\/08\/DSC_6789-2048x1365.jpg 2048w, https:\/\/deltaseguridadcia.com\/wp-content\/uploads\/2025\/08\/DSC_6789-930x620.jpg 930w\" sizes=\"(max-width: 1024px) 100vw, 1024px\" \/><\/figure>\n\n\n\n<p><\/p>\n<\/div>\n<\/div>\n\n\n\n<div style=\"height:40px\" aria-hidden=\"true\" class=\"wp-block-spacer\"><\/div>\n<\/div><\/div>\n<\/div><\/div>\n\n\n\n<div class=\"wp-block-cover alignfull has-nv-site-bg-background-color has-background-dim\" style=\"min-height:420px\"><div class=\"wp-block-cover__inner-container\">\n<div style=\"height:80px\" aria-hidden=\"true\" class=\"wp-block-spacer\"><\/div>\n\n\n\n<div class=\"wp-block-columns\">\n<div class=\"wp-block-column ticss-4ce656f1\">\n<figure class=\"wp-block-image is-resized icon-style is-style-rounded\"><img loading=\"lazy\" src=\"https:\/\/deltaseguridadcia.com\/wp-content\/themes\/neve\/assets\/img\/starter-content\/icon-03.svg\" alt=\"\" width=\"48\" height=\"48\"\/><\/figure>\n\n\n\n<h3 class=\"has-text-align-left has-text-align-center has-neve-text-color-color has-text-color\">Compromiso<\/h3>\n\n\n\n<p class=\"has-text-align-left has-neve-text-color-color has-text-color\" style=\"font-size:15px\">Nuestro servicio se basa en el compromiso que tenemos con nuestros clientes para brindarles una seguridad eficiente.<\/p>\n\n\n\n<div style=\"height:20px\" aria-hidden=\"true\" class=\"wp-block-spacer\"><\/div>\n<\/div>\n\n\n\n<div class=\"wp-block-column ticss-f6fc7494\">\n<figure class=\"wp-block-image is-resized icon-style is-style-rounded\"><img loading=\"lazy\" src=\"https:\/\/deltaseguridadcia.com\/wp-content\/themes\/neve\/assets\/img\/starter-content\/icon-03.svg\" alt=\"\" width=\"48\" height=\"48\"\/><\/figure>\n\n\n\n<h3 class=\"has-text-align-left has-text-align-center has-neve-text-color-color has-text-color\">Confianza<\/h3>\n\n\n\n<p class=\"has-text-align-left has-neve-text-color-color has-text-color\" style=\"font-size:15px\">La experiencia obtenida permite brindar a nuestros clientes un servicio de seguridad confiable.<\/p>\n\n\n\n<div style=\"height:20px\" aria-hidden=\"true\" class=\"wp-block-spacer\"><\/div>\n<\/div>\n\n\n\n<div class=\"wp-block-column ticss-a5b4df29\">\n<figure class=\"wp-block-image is-resized icon-style is-style-rounded\"><img loading=\"lazy\" src=\"https:\/\/deltaseguridadcia.com\/wp-content\/themes\/neve\/assets\/img\/starter-content\/icon-03.svg\" alt=\"\" width=\"48\" height=\"48\"\/><\/figure>\n\n\n\n<h3 class=\"has-text-align-left has-text-align-center has-neve-text-color-color has-text-color\">\u00c9tica Empresarial<\/h3>\n\n\n\n<p class=\"has-text-align-left has-neve-text-color-color has-text-color\" style=\"font-size:15px\">Nuestra organizaci\u00f3n basada en responsabilidad, honestidad y respeto nos ha permitido ser una empresa \u00e9tica brindando un servicio de \u00edntegro para la sociedad.<\/p>\n\n\n\n<div style=\"height:20px\" aria-hidden=\"true\" class=\"wp-block-spacer\"><\/div>\n<\/div>\n<\/div>\n\n\n\n<div style=\"height:30px\" aria-hidden=\"true\" class=\"wp-block-spacer\"><\/div>\n<\/div><\/div>\n\n\n\n<div class=\"wp-block-cover alignfull has-nv-light-bg-background-color has-background-dim\" style=\"min-height:600px\"><div class=\"wp-block-cover__inner-container\">\n<div class=\"wp-block-group\"><div class=\"wp-block-group__inner-container\">\n<div style=\"height:80px\" aria-hidden=\"true\" class=\"wp-block-spacer\"><\/div>\n\n\n\n<div class=\"wp-block-columns\">\n<div class=\"wp-block-column\">\n<div class=\"wp-block-image is-style-default\"><figure class=\"aligncenter size-large\"><img loading=\"lazy\" width=\"683\" height=\"1024\" src=\"https:\/\/deltaseguridadcia.com\/wp-content\/uploads\/2025\/08\/DSC_8397-683x1024.jpg\" alt=\"\" class=\"wp-image-495\" srcset=\"https:\/\/deltaseguridadcia.com\/wp-content\/uploads\/2025\/08\/DSC_8397-683x1024.jpg 683w, https:\/\/deltaseguridadcia.com\/wp-content\/uploads\/2025\/08\/DSC_8397-200x300.jpg 200w, https:\/\/deltaseguridadcia.com\/wp-content\/uploads\/2025\/08\/DSC_8397-768x1152.jpg 768w, https:\/\/deltaseguridadcia.com\/wp-content\/uploads\/2025\/08\/DSC_8397-1024x1536.jpg 1024w, https:\/\/deltaseguridadcia.com\/wp-content\/uploads\/2025\/08\/DSC_8397-1365x2048.jpg 1365w, https:\/\/deltaseguridadcia.com\/wp-content\/uploads\/2025\/08\/DSC_8397-scaled.jpg 1707w\" sizes=\"(max-width: 683px) 100vw, 683px\" \/><\/figure><\/div>\n\n\n\n<h3 class=\"has-text-align-center has-neve-text-color-color has-text-color\">Sra.Monica\u00a0 Jaramillo\u00a0<\/h3>\n\n\n\n<p class=\"has-text-align-center has-neve-text-color-color has-text-color\">Socio<\/p>\n\n\n\n<div style=\"height:40px\" aria-hidden=\"true\" class=\"wp-block-spacer\"><\/div>\n<\/div>\n\n\n\n<div class=\"wp-block-column\">\n<div class=\"wp-block-image is-style-default\"><figure class=\"aligncenter size-large\"><img loading=\"lazy\" width=\"683\" height=\"1024\" src=\"https:\/\/deltaseguridadcia.com\/wp-content\/uploads\/2025\/08\/DSC_8407-683x1024.jpg\" alt=\"\" class=\"wp-image-492\" srcset=\"https:\/\/deltaseguridadcia.com\/wp-content\/uploads\/2025\/08\/DSC_8407-683x1024.jpg 683w, https:\/\/deltaseguridadcia.com\/wp-content\/uploads\/2025\/08\/DSC_8407-200x300.jpg 200w, https:\/\/deltaseguridadcia.com\/wp-content\/uploads\/2025\/08\/DSC_8407-768x1152.jpg 768w, https:\/\/deltaseguridadcia.com\/wp-content\/uploads\/2025\/08\/DSC_8407-1024x1536.jpg 1024w, https:\/\/deltaseguridadcia.com\/wp-content\/uploads\/2025\/08\/DSC_8407-1365x2048.jpg 1365w, https:\/\/deltaseguridadcia.com\/wp-content\/uploads\/2025\/08\/DSC_8407-scaled.jpg 1707w\" sizes=\"(max-width: 683px) 100vw, 683px\" \/><\/figure><\/div>\n\n\n\n<h3 class=\"has-text-align-center has-neve-text-color-color has-text-color\"> Edison Y\u00e9pez Almeida <\/h3>\n\n\n\n<p class=\"has-text-align-center has-neve-text-color-color has-text-color\">Gerente General<\/p>\n\n\n\n<ul class=\"wp-block-social-links aligncenter\"><li class=\"wp-social-link wp-social-link-facebook wp-block-social-link\"><a href=\"https:\/\/www.facebook.com\/LtdaDelta\" aria-label=\"https:\/\/www.facebook.com\/LtdaDelta\"  class=\"wp-block-social-link-anchor\"> <svg width=\"24\" height=\"24\" viewBox=\"0 0 24 24\" version=\"1.1\" xmlns=\"http:\/\/www.w3.org\/2000\/svg\" role=\"img\" aria-hidden=\"true\" focusable=\"false\"><path d=\"M12 2C6.5 2 2 6.5 2 12c0 5 3.7 9.1 8.4 9.9v-7H7.9V12h2.5V9.8c0-2.5 1.5-3.9 3.8-3.9 1.1 0 2.2.2 2.2.2v2.5h-1.3c-1.2 0-1.6.8-1.6 1.6V12h2.8l-.4 2.9h-2.3v7C18.3 21.1 22 17 22 12c0-5.5-4.5-10-10-10z\"><\/path><\/svg><\/a><\/li>\n\n<li class=\"wp-social-link wp-social-link-twitter wp-block-social-link\"><a href=\"https:\/\/twitter.com\/deltacialtda\" aria-label=\"https:\/\/twitter.com\/deltacialtda\"  class=\"wp-block-social-link-anchor\"> <svg width=\"24\" height=\"24\" viewBox=\"0 0 24 24\" version=\"1.1\" xmlns=\"http:\/\/www.w3.org\/2000\/svg\" role=\"img\" aria-hidden=\"true\" focusable=\"false\"><path d=\"M22.23,5.924c-0.736,0.326-1.527,0.547-2.357,0.646c0.847-0.508,1.498-1.312,1.804-2.27 c-0.793,0.47-1.671,0.812-2.606,0.996C18.324,4.498,17.257,4,16.077,4c-2.266,0-4.103,1.837-4.103,4.103 c0,0.322,0.036,0.635,0.106,0.935C8.67,8.867,5.647,7.234,3.623,4.751C3.27,5.357,3.067,6.062,3.067,6.814 c0,1.424,0.724,2.679,1.825,3.415c-0.673-0.021-1.305-0.206-1.859-0.513c0,0.017,0,0.034,0,0.052c0,1.988,1.414,3.647,3.292,4.023 c-0.344,0.094-0.707,0.144-1.081,0.144c-0.264,0-0.521-0.026-0.772-0.074c0.522,1.63,2.038,2.816,3.833,2.85 c-1.404,1.1-3.174,1.756-5.096,1.756c-0.331,0-0.658-0.019-0.979-0.057c1.816,1.164,3.973,1.843,6.29,1.843 c7.547,0,11.675-6.252,11.675-11.675c0-0.178-0.004-0.355-0.012-0.531C20.985,7.47,21.68,6.747,22.23,5.924z\"><\/path><\/svg><\/a><\/li><\/ul>\n\n\n\n<div style=\"height:40px\" aria-hidden=\"true\" class=\"wp-block-spacer\"><\/div>\n<\/div>\n\n\n\n<div class=\"wp-block-column\">\n<div class=\"wp-block-image is-style-default\"><figure class=\"aligncenter size-large\"><img loading=\"lazy\" width=\"683\" height=\"1024\" src=\"https:\/\/deltaseguridadcia.com\/wp-content\/uploads\/2025\/08\/DSC_8402-683x1024.jpg\" alt=\"\" class=\"wp-image-494\" srcset=\"https:\/\/deltaseguridadcia.com\/wp-content\/uploads\/2025\/08\/DSC_8402-683x1024.jpg 683w, https:\/\/deltaseguridadcia.com\/wp-content\/uploads\/2025\/08\/DSC_8402-200x300.jpg 200w, https:\/\/deltaseguridadcia.com\/wp-content\/uploads\/2025\/08\/DSC_8402-768x1152.jpg 768w, https:\/\/deltaseguridadcia.com\/wp-content\/uploads\/2025\/08\/DSC_8402-1024x1536.jpg 1024w, https:\/\/deltaseguridadcia.com\/wp-content\/uploads\/2025\/08\/DSC_8402-1365x2048.jpg 1365w, https:\/\/deltaseguridadcia.com\/wp-content\/uploads\/2025\/08\/DSC_8402-scaled.jpg 1707w\" sizes=\"(max-width: 683px) 100vw, 683px\" \/><\/figure><\/div>\n\n\n\n<h3 class=\"has-text-align-center has-neve-text-color-color has-text-color\">Tec .Anah\u00ed Y\u00e9pez Jaramillo\u00a0<\/h3>\n\n\n\n<p class=\"has-text-align-center has-neve-text-color-color has-text-color\">Socio<\/p>\n\n\n\n<div style=\"height:40px\" aria-hidden=\"true\" class=\"wp-block-spacer\"><\/div>\n\n\n\n<p><\/p>\n<\/div>\n<\/div>\n\n\n\n<div style=\"height:40px\" aria-hidden=\"true\" class=\"wp-block-spacer\"><\/div>\n<\/div><\/div>\n<\/div><\/div>\n","protected":false},"excerpt":{"rendered":"<p>Acerca de nosotros<\/p>\n","protected":false},"author":1,"featured_media":0,"parent":0,"menu_order":0,"comment_status":"closed","ping_status":"closed","template":"","meta":{"om_disable_all_campaigns":false,"_mi_skip_tracking":false,"_monsterinsights_sitenote_active":false,"_monsterinsights_sitenote_note":"","_monsterinsights_sitenote_category":0,"neve_meta_sidebar":"","neve_meta_container":"","neve_meta_enable_content_width":"on","neve_meta_content_width":100,"neve_meta_title_alignment":"","neve_meta_author_avatar":"","neve_post_elements_order":"","neve_meta_disable_header":"","neve_meta_disable_footer":"","neve_meta_disable_title":"on"},"aioseo_notices":[],"_links":{"self":[{"href":"https:\/\/deltaseguridadcia.com\/index.php\/wp-json\/wp\/v2\/pages\/50"}],"collection":[{"href":"https:\/\/deltaseguridadcia.com\/index.php\/wp-json\/wp\/v2\/pages"}],"about":[{"href":"https:\/\/deltaseguridadcia.com\/index.php\/wp-json\/wp\/v2\/types\/page"}],"author":[{"embeddable":true,"href":"https:\/\/deltaseguridadcia.com\/index.php\/wp-json\/wp\/v2\/users\/1"}],"replies":[{"embeddable":true,"href":"https:\/\/deltaseguridadcia.com\/index.php\/wp-json\/wp\/v2\/comments?post=50"}],"version-history":[{"count":25,"href":"https:\/\/deltaseguridadcia.com\/index.php\/wp-json\/wp\/v2\/pages\/50\/revisions"}],"predecessor-version":[{"id":501,"href":"https:\/\/deltaseguridadcia.com\/index.php\/wp-json\/wp\/v2\/pages\/50\/revisions\/501"}],"wp:attachment":[{"href":"https:\/\/deltaseguridadcia.com\/index.php\/wp-json\/wp\/v2\/media?parent=50"}],"curies":[{"name":"wp","href":"https:\/\/api.w.org\/{rel}","templated":true}]}}